{"id":71,"date":"2020-05-24T20:00:59","date_gmt":"2020-05-24T20:00:59","guid":{"rendered":"https:\/\/ombudsstellefinanzdienstleister.ch\/?page_id=71"},"modified":"2024-04-08T15:57:57","modified_gmt":"2024-04-08T15:57:57","slug":"ombudsstelle-finanzdienstleister-fidleg","status":"publish","type":"page","link":"https:\/\/ombudsstellefinanzdienstleister.ch\/en\/","title":{"rendered":"Landing Page Ombudsstelle Finanzdienstleister"},"content":{"rendered":"<div data-elementor-type=\"wp-page\" data-elementor-id=\"71\" class=\"elementor elementor-71\">\n\t\t\t\t\t\t<section class=\"elementor-section elementor-top-section elementor-element elementor-element-b967a09 elementor-section-boxed elementor-section-height-default elementor-section-height-default\" data-id=\"b967a09\" data-element_type=\"section\" data-e-type=\"section\" data-settings=\"{&quot;background_background&quot;:&quot;classic&quot;}\">\n\t\t\t\t\t\t<div class=\"elementor-container elementor-column-gap-default\">\n\t\t\t\t\t<div class=\"elementor-column elementor-col-100 elementor-top-column elementor-element elementor-element-34957fc\" data-id=\"34957fc\" data-element_type=\"column\" data-e-type=\"column\">\n\t\t\t<div class=\"elementor-widget-wrap elementor-element-populated\">\n\t\t\t\t\t\t<div class=\"elementor-element elementor-element-d70350f elementor-widget elementor-widget-image\" data-id=\"d70350f\" data-element_type=\"widget\" data-e-type=\"widget\" data-widget_type=\"image.default\">\n\t\t\t\t<div class=\"elementor-widget-container\">\n\t\t\t\t\t\t\t\t\t\t\t\t\t\t\t\t<a href=\"http:\/\/www.finos.ch\">\n\t\t\t\t\t\t\t<img decoding=\"async\" src=\"https:\/\/ombudsstellefinanzdienstleister.ch\/wp-content\/uploads\/elementor\/thumbs\/MASTER-Logo-p1493z6fp7hdkwj5wr92jml0whxa6el8b6m4s916py.png\" title=\"MASTER Logo\" alt=\"MASTER-Logo\" loading=\"lazy\" \/>\t\t\t\t\t\t\t\t<\/a>\n\t\t\t\t\t\t\t\t\t\t\t\t\t\t\t<\/div>\n\t\t\t\t<\/div>\n\t\t\t\t<div class=\"elementor-element elementor-element-fa2087b elementor-widget elementor-widget-text-editor\" data-id=\"fa2087b\" data-element_type=\"widget\" data-e-type=\"widget\" data-widget_type=\"text-editor.default\">\n\t\t\t\t<div class=\"elementor-widget-container\">\n\t\t\t\t\t\t\t\t\t<h5 style=\"text-align: center;\"><span style=\"color: #000000;\">Please visit our main website: <\/span><a href=\"https:\/\/www.finos.ch\/\"><span style=\"text-decoration: underline;\"><span style=\"color: #000000; text-decoration: underline;\"><span style=\"color: #0000ff; text-decoration: underline;\"><span style=\"color: #3366ff; text-decoration: underline;\">www.finos.ch<\/span><\/span><\/span><\/span><\/a><\/h5>\t\t\t\t\t\t\t\t<\/div>\n\t\t\t\t<\/div>\n\t\t\t\t<div class=\"elementor-element elementor-element-9fccf53 elementor-icon-list--layout-inline elementor-align-center elementor-list-item-link-full_width elementor-widget elementor-widget-icon-list\" data-id=\"9fccf53\" data-element_type=\"widget\" data-e-type=\"widget\" data-widget_type=\"icon-list.default\">\n\t\t\t\t<div class=\"elementor-widget-container\">\n\t\t\t\t\t\t\t<ul class=\"elementor-icon-list-items elementor-inline-items\">\n\t\t\t\t\t\t\t<li class=\"elementor-icon-list-item elementor-inline-item\">\n\t\t\t\t\t\t\t\t\t\t\t<span class=\"elementor-icon-list-icon\">\n\t\t\t\t\t\t\t<i aria-hidden=\"true\" class=\"fas fa-mail-bulk\"><\/i>\t\t\t\t\t\t<\/span>\n\t\t\t\t\t\t\t\t\t\t<span class=\"elementor-icon-list-text\">info@finos.ch<\/span>\n\t\t\t\t\t\t\t\t\t<\/li>\n\t\t\t\t\t\t\t\t<li class=\"elementor-icon-list-item elementor-inline-item\">\n\t\t\t\t\t\t\t\t\t\t\t<span class=\"elementor-icon-list-icon\">\n\t\t\t\t\t\t\t<i aria-hidden=\"true\" class=\"fas fa-phone-alt\"><\/i>\t\t\t\t\t\t<\/span>\n\t\t\t\t\t\t\t\t\t\t<span class=\"elementor-icon-list-text\">+41 - 44 552 08 00<\/span>\n\t\t\t\t\t\t\t\t\t<\/li>\n\t\t\t\t\t\t\t\t<li class=\"elementor-icon-list-item elementor-inline-item\">\n\t\t\t\t\t\t\t\t\t\t\t<span class=\"elementor-icon-list-icon\">\n\t\t\t\t\t\t\t<i aria-hidden=\"true\" class=\"fas fa-map-marked\"><\/i>\t\t\t\t\t\t<\/span>\n\t\t\t\t\t\t\t\t\t\t<span class=\"elementor-icon-list-text\">Talstrasse 20, 8001 Z\u00fcrich<\/span>\n\t\t\t\t\t\t\t\t\t<\/li>\n\t\t\t\t\t\t<\/ul>\n\t\t\t\t\t\t<\/div>\n\t\t\t\t<\/div>\n\t\t\t\t\t<\/div>\n\t\t<\/div>\n\t\t\t\t\t<\/div>\n\t\t<\/section>\n\t\t\t\t<section class=\"elementor-section elementor-top-section elementor-element elementor-element-28b1c0b elementor-section-boxed elementor-section-height-default elementor-section-height-default\" data-id=\"28b1c0b\" data-element_type=\"section\" data-e-type=\"section\" data-settings=\"{&quot;background_background&quot;:&quot;classic&quot;}\">\n\t\t\t\t\t\t<div class=\"elementor-container elementor-column-gap-default\">\n\t\t\t\t\t<div class=\"elementor-column elementor-col-100 elementor-top-column elementor-element elementor-element-968703b\" data-id=\"968703b\" data-element_type=\"column\" data-e-type=\"column\">\n\t\t\t<div class=\"elementor-widget-wrap elementor-element-populated\">\n\t\t\t\t\t\t<div class=\"elementor-element elementor-element-c783711 elementor-widget elementor-widget-heading\" data-id=\"c783711\" data-element_type=\"widget\" data-e-type=\"widget\" data-widget_type=\"heading.default\">\n\t\t\t\t<div class=\"elementor-widget-container\">\n\t\t\t\t\t<h1 class=\"elementor-heading-title elementor-size-small\">Ombudsstelle nach FIDLEG f\u00fcr Finanzdienstleister, Finanzintermedi\u00e4re, Verm\u00f6gensverwalter, Berater (Beraterregister), Finanzplaner, Finanzinstitute, Family Offices, UVV, EVV, EAM<\/h1>\t\t\t\t<\/div>\n\t\t\t\t<\/div>\n\t\t\t\t\t<\/div>\n\t\t<\/div>\n\t\t\t\t\t<\/div>\n\t\t<\/section>\n\t\t\t\t<section class=\"elementor-section elementor-top-section elementor-element elementor-element-58f8fac elementor-section-boxed elementor-section-height-default elementor-section-height-default\" data-id=\"58f8fac\" data-element_type=\"section\" data-e-type=\"section\" data-settings=\"{&quot;background_background&quot;:&quot;classic&quot;}\">\n\t\t\t\t\t\t<div class=\"elementor-container elementor-column-gap-default\">\n\t\t\t\t\t<div class=\"elementor-column elementor-col-25 elementor-top-column elementor-element elementor-element-86551b3\" data-id=\"86551b3\" data-element_type=\"column\" data-e-type=\"column\">\n\t\t\t<div class=\"elementor-widget-wrap elementor-element-populated\">\n\t\t\t\t\t\t<div class=\"elementor-element elementor-element-3069ee2 elementor-view-framed elementor-shape-circle elementor-position-block-start elementor-mobile-position-block-start elementor-invisible elementor-widget elementor-widget-icon-box\" data-id=\"3069ee2\" data-element_type=\"widget\" data-e-type=\"widget\" data-settings=\"{&quot;_animation&quot;:&quot;fadeInLeft&quot;}\" data-widget_type=\"icon-box.default\">\n\t\t\t\t<div class=\"elementor-widget-container\">\n\t\t\t\t\t\t\t<div class=\"elementor-icon-box-wrapper\">\n\n\t\t\t\t\t\t<div class=\"elementor-icon-box-icon\">\n\t\t\t\t<span  class=\"elementor-icon\">\n\t\t\t\t<i aria-hidden=\"true\" class=\"fas fa-band-aid\"><\/i>\t\t\t\t<\/span>\n\t\t\t<\/div>\n\t\t\t\n\t\t\t\t\t\t<div class=\"elementor-icon-box-content\">\n\n\t\t\t\t\t\t\t\t\t<h3 class=\"elementor-icon-box-title\">\n\t\t\t\t\t\t<span  >\n\t\t\t\t\t\t\tNon-profit\t\t\t\t\t\t<\/span>\n\t\t\t\t\t<\/h3>\n\t\t\t\t\n\t\t\t\t\t\t\t\t\t<p class=\"elementor-icon-box-description\">\n\t\t\t\t\t\tThanks to our non-profit status, our affiliated financial service providers benefit from our efficient structures. Financial surpluses lead to declining fees.\t\t\t\t\t<\/p>\n\t\t\t\t\n\t\t\t<\/div>\n\t\t\t\n\t\t<\/div>\n\t\t\t\t\t\t<\/div>\n\t\t\t\t<\/div>\n\t\t\t\t\t<\/div>\n\t\t<\/div>\n\t\t\t\t<div class=\"elementor-column elementor-col-25 elementor-top-column elementor-element elementor-element-d2823eb\" data-id=\"d2823eb\" data-element_type=\"column\" data-e-type=\"column\">\n\t\t\t<div class=\"elementor-widget-wrap elementor-element-populated\">\n\t\t\t\t\t\t<div class=\"elementor-element elementor-element-6476886 elementor-view-framed elementor-shape-circle elementor-position-block-start elementor-mobile-position-block-start elementor-invisible elementor-widget elementor-widget-icon-box\" data-id=\"6476886\" data-element_type=\"widget\" data-e-type=\"widget\" data-settings=\"{&quot;_animation&quot;:&quot;fadeInLeft&quot;}\" data-widget_type=\"icon-box.default\">\n\t\t\t\t<div class=\"elementor-widget-container\">\n\t\t\t\t\t\t\t<div class=\"elementor-icon-box-wrapper\">\n\n\t\t\t\t\t\t<div class=\"elementor-icon-box-icon\">\n\t\t\t\t<span  class=\"elementor-icon\">\n\t\t\t\t<i aria-hidden=\"true\" class=\"fas fa-handshake\"><\/i>\t\t\t\t<\/span>\n\t\t\t<\/div>\n\t\t\t\n\t\t\t\t\t\t<div class=\"elementor-icon-box-content\">\n\n\t\t\t\t\t\t\t\t\t<h3 class=\"elementor-icon-box-title\">\n\t\t\t\t\t\t<span  >\n\t\t\t\t\t\t\tPROFESSIONAL\t\t\t\t\t\t<\/span>\n\t\t\t\t\t<\/h3>\n\t\t\t\t\n\t\t\t\t\t\t\t\t\t<p class=\"elementor-icon-box-description\">\n\t\t\t\t\t\tWith our experienced mediators we guarantee professional and serious mediation procedures.\t\t\t\t\t<\/p>\n\t\t\t\t\n\t\t\t<\/div>\n\t\t\t\n\t\t<\/div>\n\t\t\t\t\t\t<\/div>\n\t\t\t\t<\/div>\n\t\t\t\t\t<\/div>\n\t\t<\/div>\n\t\t\t\t<div class=\"elementor-column elementor-col-25 elementor-top-column elementor-element elementor-element-d24a5c5\" data-id=\"d24a5c5\" data-element_type=\"column\" data-e-type=\"column\">\n\t\t\t<div class=\"elementor-widget-wrap elementor-element-populated\">\n\t\t\t\t\t\t<div class=\"elementor-element elementor-element-55cd240 elementor-view-framed elementor-shape-circle elementor-position-block-start elementor-mobile-position-block-start elementor-invisible elementor-widget elementor-widget-icon-box\" data-id=\"55cd240\" data-element_type=\"widget\" data-e-type=\"widget\" data-settings=\"{&quot;_animation&quot;:&quot;fadeInRight&quot;}\" data-widget_type=\"icon-box.default\">\n\t\t\t\t<div class=\"elementor-widget-container\">\n\t\t\t\t\t\t\t<div class=\"elementor-icon-box-wrapper\">\n\n\t\t\t\t\t\t<div class=\"elementor-icon-box-icon\">\n\t\t\t\t<span  class=\"elementor-icon\">\n\t\t\t\t<i aria-hidden=\"true\" class=\"fas fa-suitcase\"><\/i>\t\t\t\t<\/span>\n\t\t\t<\/div>\n\t\t\t\n\t\t\t\t\t\t<div class=\"elementor-icon-box-content\">\n\n\t\t\t\t\t\t\t\t\t<h3 class=\"elementor-icon-box-title\">\n\t\t\t\t\t\t<span  >\n\t\t\t\t\t\t\tEXPERIENCED\t\t\t\t\t\t<\/span>\n\t\t\t\t\t<\/h3>\n\t\t\t\t\n\t\t\t\t\t\t\t\t\t<p class=\"elementor-icon-box-description\">\n\t\t\t\t\t\tOur employees not only have proven mediation experience, but also have decades of experience in the financial sector.\t\t\t\t\t<\/p>\n\t\t\t\t\n\t\t\t<\/div>\n\t\t\t\n\t\t<\/div>\n\t\t\t\t\t\t<\/div>\n\t\t\t\t<\/div>\n\t\t\t\t\t<\/div>\n\t\t<\/div>\n\t\t\t\t<div class=\"elementor-column elementor-col-25 elementor-top-column elementor-element elementor-element-21230a3\" data-id=\"21230a3\" data-element_type=\"column\" data-e-type=\"column\">\n\t\t\t<div class=\"elementor-widget-wrap elementor-element-populated\">\n\t\t\t\t\t\t<div class=\"elementor-element elementor-element-78de077 elementor-view-framed elementor-shape-circle elementor-position-block-start elementor-mobile-position-block-start elementor-invisible elementor-widget elementor-widget-icon-box\" data-id=\"78de077\" data-element_type=\"widget\" data-e-type=\"widget\" data-settings=\"{&quot;_animation&quot;:&quot;fadeInRight&quot;}\" data-widget_type=\"icon-box.default\">\n\t\t\t\t<div class=\"elementor-widget-container\">\n\t\t\t\t\t\t\t<div class=\"elementor-icon-box-wrapper\">\n\n\t\t\t\t\t\t<div class=\"elementor-icon-box-icon\">\n\t\t\t\t<span  class=\"elementor-icon\">\n\t\t\t\t<i aria-hidden=\"true\" class=\"fas fa-balance-scale\"><\/i>\t\t\t\t<\/span>\n\t\t\t<\/div>\n\t\t\t\n\t\t\t\t\t\t<div class=\"elementor-icon-box-content\">\n\n\t\t\t\t\t\t\t\t\t<h3 class=\"elementor-icon-box-title\">\n\t\t\t\t\t\t<span  >\n\t\t\t\t\t\t\tINDEPENDENT\t\t\t\t\t\t<\/span>\n\t\t\t\t\t<\/h3>\n\t\t\t\t\n\t\t\t\t\t\t\t\t\t<p class=\"elementor-icon-box-description\">\n\t\t\t\t\t\tOur ombudsman's office was founded by private individuals. This ensures that we can work neutrally in the interests of all parties.\t\t\t\t\t<\/p>\n\t\t\t\t\n\t\t\t<\/div>\n\t\t\t\n\t\t<\/div>\n\t\t\t\t\t\t<\/div>\n\t\t\t\t<\/div>\n\t\t\t\t\t<\/div>\n\t\t<\/div>\n\t\t\t\t\t<\/div>\n\t\t<\/section>\n\t\t\t\t<section class=\"elementor-section elementor-top-section elementor-element elementor-element-b87af18 elementor-section-boxed elementor-section-height-default elementor-section-height-default\" data-id=\"b87af18\" data-element_type=\"section\" data-e-type=\"section\" data-settings=\"{&quot;background_background&quot;:&quot;classic&quot;}\">\n\t\t\t\t\t\t<div class=\"elementor-container elementor-column-gap-default\">\n\t\t\t\t\t<div class=\"elementor-column elementor-col-50 elementor-top-column elementor-element elementor-element-7349ce0\" data-id=\"7349ce0\" data-element_type=\"column\" data-e-type=\"column\">\n\t\t\t<div class=\"elementor-widget-wrap elementor-element-populated\">\n\t\t\t\t\t\t<div class=\"elementor-element elementor-element-b5813de elementor-widget elementor-widget-text-editor\" data-id=\"b5813de\" data-element_type=\"widget\" data-e-type=\"widget\" data-widget_type=\"text-editor.default\">\n\t\t\t\t<div class=\"elementor-widget-container\">\n\t\t\t\t\t\t\t\t\t<p style=\"text-align: left;\">The task of our non-profit ombudsman office according to FinSA for asset managers is to efficiently conduct mediation procedures between clients and financial service providers as a neutral mediator. As a neutral institution, the Swiss Financial Ombudsman Service (FINOS for short) strives to find amicable solutions for financial service providers and their clients, thereby avoiding costly disputes in court.<\/p>\t\t\t\t\t\t\t\t<\/div>\n\t\t\t\t<\/div>\n\t\t\t\t\t<\/div>\n\t\t<\/div>\n\t\t\t\t<div class=\"elementor-column elementor-col-50 elementor-top-column elementor-element elementor-element-fa10e7e\" data-id=\"fa10e7e\" data-element_type=\"column\" data-e-type=\"column\">\n\t\t\t<div class=\"elementor-widget-wrap elementor-element-populated\">\n\t\t\t\t\t\t<div class=\"elementor-element elementor-element-fd2cb92 elementor-widget elementor-widget-video\" data-id=\"fd2cb92\" data-element_type=\"widget\" data-e-type=\"widget\" data-settings=\"{&quot;youtube_url&quot;:&quot;https:\\\/\\\/youtu.be\\\/-zYxHomXSxs&quot;,&quot;video_type&quot;:&quot;youtube&quot;,&quot;controls&quot;:&quot;yes&quot;}\" data-widget_type=\"video.default\">\n\t\t\t\t<div class=\"elementor-widget-container\">\n\t\t\t\t\t\t\t<div class=\"elementor-wrapper elementor-open-inline\">\n\t\t\t<div class=\"elementor-video\"><\/div>\t\t<\/div>\n\t\t\t\t\t\t<\/div>\n\t\t\t\t<\/div>\n\t\t\t\t\t<\/div>\n\t\t<\/div>\n\t\t\t\t\t<\/div>\n\t\t<\/section>\n\t\t\t\t<\/div>","protected":false},"excerpt":{"rendered":"<p>Bitte besuchen Sie unsere Hauptwebsite unter: www.finos.ch info@finos.ch +41 &#8211; 44 552 08 00 Talstrasse 20, 8001 Z\u00fcrich Ombudsstelle nach FIDLEG f\u00fcr Finanzdienstleister, Finanzintermedi\u00e4re, Verm\u00f6gensverwalter, Berater (Beraterregister), Finanzplaner, Finanzinstitute, Family Offices, UVV, EVV, EAM GEMEINN\u00dcTZIG\ufeff\ufeff Dank unserer Gemeinn\u00fctzigkeit profitieren unsere angeschlossenen Finanzdienstleister von unseren effizienten Strukturen. Finanzielle \u00dcbersch\u00fcsse f\u00fchren zu sinkenden Geb\u00fchren. PROFESSIONELL Mit unseren [&hellip;]<\/p>\n","protected":false},"author":2,"featured_media":0,"parent":0,"menu_order":0,"comment_status":"closed","ping_status":"closed","template":"elementor_canvas","meta":{"footnotes":""},"class_list":["post-71","page","type-page","status-publish","hentry"],"yoast_head":"<!-- This site is optimized with the Yoast SEO plugin v27.4 - https:\/\/yoast.com\/product\/yoast-seo-wordpress\/ -->\n<title>FINOS - Ombudsstelle f\u00fcr Finanzdienstleister nach FIDLEG<\/title>\n<meta name=\"description\" content=\"Unsere Ombudsstelle befasst sich mit Fragen und Beschwerden von Kunden der bei uns angeschlossenen Finanzdienstleister. Als neutrales Institut sind wir dabei bestrebt, im Rahmen von Schlichtungsverfahren einvernehmliche L\u00f6sungen f\u00fcr alle Parteien zu erarbeiten und dadurch kostspielige, gerichtliche Streitigkeiten zu vermeiden.\" \/>\n<meta name=\"robots\" content=\"index, follow, max-snippet:-1, max-image-preview:large, max-video-preview:-1\" \/>\n<link rel=\"canonical\" href=\"https:\/\/ombudsstellefinanzdienstleister.ch\/en\/\" \/>\n<meta property=\"og:locale\" content=\"en_GB\" \/>\n<meta property=\"og:type\" content=\"article\" \/>\n<meta property=\"og:title\" content=\"FINOS - Ombudsstelle f\u00fcr Finanzdienstleister nach FIDLEG\" \/>\n<meta property=\"og:description\" content=\"Unsere Ombudsstelle befasst sich mit Fragen und Beschwerden von Kunden der bei uns angeschlossenen Finanzdienstleister. Als neutrales Institut sind wir dabei bestrebt, im Rahmen von Schlichtungsverfahren einvernehmliche L\u00f6sungen f\u00fcr alle Parteien zu erarbeiten und dadurch kostspielige, gerichtliche Streitigkeiten zu vermeiden.\" \/>\n<meta property=\"og:url\" content=\"https:\/\/ombudsstellefinanzdienstleister.ch\/en\/\" \/>\n<meta property=\"og:site_name\" content=\"Ombudsstelle FINOS f\u00fcr Verm\u00f6gensverwalter nach FIDLEG\" \/>\n<meta property=\"article:modified_time\" content=\"2024-04-08T15:57:57+00:00\" \/>\n<meta property=\"og:image\" content=\"https:\/\/ombudsstellefinanzdienstleister.ch\/wp-content\/uploads\/elementor\/thumbs\/MASTER-Logo-p1493z6fp7hdkwj5wr92jml0whxa6el8b6m4s916py.png\" \/>\n<meta name=\"twitter:card\" content=\"summary_large_image\" \/>\n<meta name=\"twitter:label1\" content=\"Estimated reading time\" \/>\n\t<meta name=\"twitter:data1\" content=\"1 minute\" \/>\n<script type=\"application\/ld+json\" class=\"yoast-schema-graph\">{\"@context\":\"https:\\\/\\\/schema.org\",\"@graph\":[{\"@type\":\"WebPage\",\"@id\":\"https:\\\/\\\/ombudsstellefinanzdienstleister.ch\\\/\",\"url\":\"https:\\\/\\\/ombudsstellefinanzdienstleister.ch\\\/\",\"name\":\"FINOS - Ombudsstelle f\u00fcr Finanzdienstleister nach FIDLEG\",\"isPartOf\":{\"@id\":\"https:\\\/\\\/ombudsstellefinanzdienstleister.ch\\\/#website\"},\"primaryImageOfPage\":{\"@id\":\"https:\\\/\\\/ombudsstellefinanzdienstleister.ch\\\/#primaryimage\"},\"image\":{\"@id\":\"https:\\\/\\\/ombudsstellefinanzdienstleister.ch\\\/#primaryimage\"},\"thumbnailUrl\":\"https:\\\/\\\/ombudsstellefinanzdienstleister.ch\\\/wp-content\\\/uploads\\\/elementor\\\/thumbs\\\/MASTER-Logo-p1493z6fp7hdkwj5wr92jml0whxa6el8b6m4s916py.png\",\"datePublished\":\"2020-05-24T20:00:59+00:00\",\"dateModified\":\"2024-04-08T15:57:57+00:00\",\"description\":\"Unsere Ombudsstelle befasst sich mit Fragen und Beschwerden von Kunden der bei uns angeschlossenen Finanzdienstleister. Als neutrales Institut sind wir dabei bestrebt, im Rahmen von Schlichtungsverfahren einvernehmliche L\u00f6sungen f\u00fcr alle Parteien zu erarbeiten und dadurch kostspielige, gerichtliche Streitigkeiten zu vermeiden.\",\"breadcrumb\":{\"@id\":\"https:\\\/\\\/ombudsstellefinanzdienstleister.ch\\\/#breadcrumb\"},\"inLanguage\":\"en-GB\",\"potentialAction\":[{\"@type\":\"ReadAction\",\"target\":[\"https:\\\/\\\/ombudsstellefinanzdienstleister.ch\\\/\"]}]},{\"@type\":\"ImageObject\",\"inLanguage\":\"en-GB\",\"@id\":\"https:\\\/\\\/ombudsstellefinanzdienstleister.ch\\\/#primaryimage\",\"url\":\"https:\\\/\\\/ombudsstellefinanzdienstleister.ch\\\/wp-content\\\/uploads\\\/elementor\\\/thumbs\\\/MASTER-Logo-p1493z6fp7hdkwj5wr92jml0whxa6el8b6m4s916py.png\",\"contentUrl\":\"https:\\\/\\\/ombudsstellefinanzdienstleister.ch\\\/wp-content\\\/uploads\\\/elementor\\\/thumbs\\\/MASTER-Logo-p1493z6fp7hdkwj5wr92jml0whxa6el8b6m4s916py.png\"},{\"@type\":\"BreadcrumbList\",\"@id\":\"https:\\\/\\\/ombudsstellefinanzdienstleister.ch\\\/#breadcrumb\",\"itemListElement\":[{\"@type\":\"ListItem\",\"position\":1,\"name\":\"Home\",\"item\":\"https:\\\/\\\/ombudsstellefinanzdienstleister.ch\\\/\"},{\"@type\":\"ListItem\",\"position\":2,\"name\":\"Landing Page Ombudsstelle Finanzdienstleister\"}]},{\"@type\":\"WebSite\",\"@id\":\"https:\\\/\\\/ombudsstellefinanzdienstleister.ch\\\/#website\",\"url\":\"https:\\\/\\\/ombudsstellefinanzdienstleister.ch\\\/\",\"name\":\"Ombudsstelle FINOS f\u00fcr Verm\u00f6gensverwalter nach FIDLEG\",\"description\":\"Ombudsstelle nach FIDLEG f\u00fcr Verm\u00f6gensverwalter, Finanzdienstleister, Finanzintermedi\u00e4re, Finanzplaner, Finanzinstitute, Family Offices, Anlageberater, UVV, EVV, EAM\",\"publisher\":{\"@id\":\"https:\\\/\\\/ombudsstellefinanzdienstleister.ch\\\/#organization\"},\"potentialAction\":[{\"@type\":\"SearchAction\",\"target\":{\"@type\":\"EntryPoint\",\"urlTemplate\":\"https:\\\/\\\/ombudsstellefinanzdienstleister.ch\\\/?s={search_term_string}\"},\"query-input\":{\"@type\":\"PropertyValueSpecification\",\"valueRequired\":true,\"valueName\":\"search_term_string\"}}],\"inLanguage\":\"en-GB\"},{\"@type\":\"Organization\",\"@id\":\"https:\\\/\\\/ombudsstellefinanzdienstleister.ch\\\/#organization\",\"name\":\"Ombudsstelle FINOS f\u00fcr Verm\u00f6gensverwalter nach FIDLEG\",\"url\":\"https:\\\/\\\/ombudsstellefinanzdienstleister.ch\\\/\",\"logo\":{\"@type\":\"ImageObject\",\"inLanguage\":\"en-GB\",\"@id\":\"https:\\\/\\\/ombudsstellefinanzdienstleister.ch\\\/#\\\/schema\\\/logo\\\/image\\\/\",\"url\":\"\",\"contentUrl\":\"\",\"caption\":\"Ombudsstelle FINOS f\u00fcr Verm\u00f6gensverwalter nach FIDLEG\"},\"image\":{\"@id\":\"https:\\\/\\\/ombudsstellefinanzdienstleister.ch\\\/#\\\/schema\\\/logo\\\/image\\\/\"}}]}<\/script>\n<!-- \/ Yoast SEO plugin. -->","yoast_head_json":{"title":"FINOS - Ombudsstelle f\u00fcr Finanzdienstleister nach FIDLEG","description":"Unsere Ombudsstelle befasst sich mit Fragen und Beschwerden von Kunden der bei uns angeschlossenen Finanzdienstleister. Als neutrales Institut sind wir dabei bestrebt, im Rahmen von Schlichtungsverfahren einvernehmliche L\u00f6sungen f\u00fcr alle Parteien zu erarbeiten und dadurch kostspielige, gerichtliche Streitigkeiten zu vermeiden.","robots":{"index":"index","follow":"follow","max-snippet":"max-snippet:-1","max-image-preview":"max-image-preview:large","max-video-preview":"max-video-preview:-1"},"canonical":"https:\/\/ombudsstellefinanzdienstleister.ch\/en\/","og_locale":"en_GB","og_type":"article","og_title":"FINOS - Ombudsstelle f\u00fcr Finanzdienstleister nach FIDLEG","og_description":"Unsere Ombudsstelle befasst sich mit Fragen und Beschwerden von Kunden der bei uns angeschlossenen Finanzdienstleister. Als neutrales Institut sind wir dabei bestrebt, im Rahmen von Schlichtungsverfahren einvernehmliche L\u00f6sungen f\u00fcr alle Parteien zu erarbeiten und dadurch kostspielige, gerichtliche Streitigkeiten zu vermeiden.","og_url":"https:\/\/ombudsstellefinanzdienstleister.ch\/en\/","og_site_name":"Ombudsstelle FINOS f\u00fcr Verm\u00f6gensverwalter nach FIDLEG","article_modified_time":"2024-04-08T15:57:57+00:00","og_image":[{"url":"https:\/\/ombudsstellefinanzdienstleister.ch\/wp-content\/uploads\/elementor\/thumbs\/MASTER-Logo-p1493z6fp7hdkwj5wr92jml0whxa6el8b6m4s916py.png","type":"","width":"","height":""}],"twitter_card":"summary_large_image","twitter_misc":{"Estimated reading time":"1 minute"},"schema":{"@context":"https:\/\/schema.org","@graph":[{"@type":"WebPage","@id":"https:\/\/ombudsstellefinanzdienstleister.ch\/","url":"https:\/\/ombudsstellefinanzdienstleister.ch\/","name":"FINOS - Ombudsstelle f\u00fcr Finanzdienstleister nach FIDLEG","isPartOf":{"@id":"https:\/\/ombudsstellefinanzdienstleister.ch\/#website"},"primaryImageOfPage":{"@id":"https:\/\/ombudsstellefinanzdienstleister.ch\/#primaryimage"},"image":{"@id":"https:\/\/ombudsstellefinanzdienstleister.ch\/#primaryimage"},"thumbnailUrl":"https:\/\/ombudsstellefinanzdienstleister.ch\/wp-content\/uploads\/elementor\/thumbs\/MASTER-Logo-p1493z6fp7hdkwj5wr92jml0whxa6el8b6m4s916py.png","datePublished":"2020-05-24T20:00:59+00:00","dateModified":"2024-04-08T15:57:57+00:00","description":"Unsere Ombudsstelle befasst sich mit Fragen und Beschwerden von Kunden der bei uns angeschlossenen Finanzdienstleister. Als neutrales Institut sind wir dabei bestrebt, im Rahmen von Schlichtungsverfahren einvernehmliche L\u00f6sungen f\u00fcr alle Parteien zu erarbeiten und dadurch kostspielige, gerichtliche Streitigkeiten zu vermeiden.","breadcrumb":{"@id":"https:\/\/ombudsstellefinanzdienstleister.ch\/#breadcrumb"},"inLanguage":"en-GB","potentialAction":[{"@type":"ReadAction","target":["https:\/\/ombudsstellefinanzdienstleister.ch\/"]}]},{"@type":"ImageObject","inLanguage":"en-GB","@id":"https:\/\/ombudsstellefinanzdienstleister.ch\/#primaryimage","url":"https:\/\/ombudsstellefinanzdienstleister.ch\/wp-content\/uploads\/elementor\/thumbs\/MASTER-Logo-p1493z6fp7hdkwj5wr92jml0whxa6el8b6m4s916py.png","contentUrl":"https:\/\/ombudsstellefinanzdienstleister.ch\/wp-content\/uploads\/elementor\/thumbs\/MASTER-Logo-p1493z6fp7hdkwj5wr92jml0whxa6el8b6m4s916py.png"},{"@type":"BreadcrumbList","@id":"https:\/\/ombudsstellefinanzdienstleister.ch\/#breadcrumb","itemListElement":[{"@type":"ListItem","position":1,"name":"Home","item":"https:\/\/ombudsstellefinanzdienstleister.ch\/"},{"@type":"ListItem","position":2,"name":"Landing Page Ombudsstelle Finanzdienstleister"}]},{"@type":"WebSite","@id":"https:\/\/ombudsstellefinanzdienstleister.ch\/#website","url":"https:\/\/ombudsstellefinanzdienstleister.ch\/","name":"Ombudsstelle FINOS f\u00fcr Verm\u00f6gensverwalter nach FIDLEG","description":"Ombudsman's office according to FinSA for asset managers, financial service providers, financial intermediaries, financial planners, financial institutions, family offices, investment advisors, UVV, EVV, EAM","publisher":{"@id":"https:\/\/ombudsstellefinanzdienstleister.ch\/#organization"},"potentialAction":[{"@type":"SearchAction","target":{"@type":"EntryPoint","urlTemplate":"https:\/\/ombudsstellefinanzdienstleister.ch\/?s={search_term_string}"},"query-input":{"@type":"PropertyValueSpecification","valueRequired":true,"valueName":"search_term_string"}}],"inLanguage":"en-GB"},{"@type":"Organization","@id":"https:\/\/ombudsstellefinanzdienstleister.ch\/#organization","name":"Ombudsstelle FINOS f\u00fcr Verm\u00f6gensverwalter nach FIDLEG","url":"https:\/\/ombudsstellefinanzdienstleister.ch\/","logo":{"@type":"ImageObject","inLanguage":"en-GB","@id":"https:\/\/ombudsstellefinanzdienstleister.ch\/#\/schema\/logo\/image\/","url":"","contentUrl":"","caption":"Ombudsstelle FINOS f\u00fcr Verm\u00f6gensverwalter nach FIDLEG"},"image":{"@id":"https:\/\/ombudsstellefinanzdienstleister.ch\/#\/schema\/logo\/image\/"}}]}},"_links":{"self":[{"href":"https:\/\/ombudsstellefinanzdienstleister.ch\/en\/wp-json\/wp\/v2\/pages\/71","targetHints":{"allow":["GET"]}}],"collection":[{"href":"https:\/\/ombudsstellefinanzdienstleister.ch\/en\/wp-json\/wp\/v2\/pages"}],"about":[{"href":"https:\/\/ombudsstellefinanzdienstleister.ch\/en\/wp-json\/wp\/v2\/types\/page"}],"author":[{"embeddable":true,"href":"https:\/\/ombudsstellefinanzdienstleister.ch\/en\/wp-json\/wp\/v2\/users\/2"}],"replies":[{"embeddable":true,"href":"https:\/\/ombudsstellefinanzdienstleister.ch\/en\/wp-json\/wp\/v2\/comments?post=71"}],"version-history":[{"count":80,"href":"https:\/\/ombudsstellefinanzdienstleister.ch\/en\/wp-json\/wp\/v2\/pages\/71\/revisions"}],"predecessor-version":[{"id":201,"href":"https:\/\/ombudsstellefinanzdienstleister.ch\/en\/wp-json\/wp\/v2\/pages\/71\/revisions\/201"}],"wp:attachment":[{"href":"https:\/\/ombudsstellefinanzdienstleister.ch\/en\/wp-json\/wp\/v2\/media?parent=71"}],"curies":[{"name":"wp","href":"https:\/\/api.w.org\/{rel}","templated":true}]}}